{"id":2,"date":"2022-09-28T20:52:29","date_gmt":"2022-09-28T20:52:29","guid":{"rendered":"https:\/\/parquecentralsalitre.com\/?page_id=2"},"modified":"2022-10-19T15:48:33","modified_gmt":"2022-10-19T15:48:33","slug":"sample-page","status":"publish","type":"page","link":"https:\/\/parquecentralsalitre.com\/index.php\/sample-page\/","title":{"rendered":"Mi Pago"},"content":{"rendered":"\t\t<div data-elementor-type=\"wp-page\" data-elementor-id=\"2\" class=\"elementor elementor-2\" data-elementor-post-type=\"page\">\n\t\t\t\t\t\t<section class=\"elementor-section elementor-top-section elementor-element elementor-element-52f35522 elementor-section-boxed elementor-section-height-default elementor-section-height-default\" data-id=\"52f35522\" data-element_type=\"section\" data-e-type=\"section\">\n\t\t\t\t\t\t<div class=\"elementor-container elementor-column-gap-default\">\n\t\t\t\t\t<div class=\"elementor-column elementor-col-100 elementor-top-column elementor-element elementor-element-2d79c6d6\" data-id=\"2d79c6d6\" data-element_type=\"column\" data-e-type=\"column\">\n\t\t\t<div class=\"elementor-widget-wrap elementor-element-populated\">\n\t\t\t\t\t\t<div class=\"elementor-element elementor-element-fb835b5 elementor-align-left elementor-widget elementor-widget-button\" data-id=\"fb835b5\" data-element_type=\"widget\" data-e-type=\"widget\" data-widget_type=\"button.default\">\n\t\t\t\t<div class=\"elementor-widget-container\">\n\t\t\t\t\t\t\t\t\t<div class=\"elementor-button-wrapper\">\n\t\t\t\t\t<a class=\"elementor-button elementor-button-link elementor-size-sm\" href=\"\">\n\t\t\t\t\t\t<span class=\"elementor-button-content-wrapper\">\n\t\t\t\t\t\t\t\t\t<span class=\"elementor-button-text\">ir al banco<\/span>\n\t\t\t\t\t<\/span>\n\t\t\t\t\t<\/a>\n\t\t\t\t<\/div>\n\t\t\t\t\t\t\t\t<\/div>\n\t\t\t\t<\/div>\n\t\t\t\t<div class=\"elementor-element elementor-element-73fb635 elementor-widget elementor-widget-heading\" data-id=\"73fb635\" data-element_type=\"widget\" data-e-type=\"widget\" data-widget_type=\"heading.default\">\n\t\t\t\t<div class=\"elementor-widget-container\">\n\t\t\t\t\t<h2 class=\"elementor-heading-title elementor-size-xxl\">Aprende a realizar el pago de tu cuota<\/h2>\t\t\t\t<\/div>\n\t\t\t\t<\/div>\n\t\t\t\t<div class=\"elementor-element elementor-element-b029e71 elementor-widget elementor-widget-image\" data-id=\"b029e71\" data-element_type=\"widget\" data-e-type=\"widget\" data-widget_type=\"image.default\">\n\t\t\t\t<div class=\"elementor-widget-container\">\n\t\t\t\t\t\t\t\t\t\t\t\t\t\t\t<img fetchpriority=\"high\" decoding=\"async\" width=\"1024\" height=\"475\" src=\"https:\/\/parquecentralsalitre.com\/wp-content\/uploads\/2022\/10\/MI-PAGO-01-1024x475.jpg\" class=\"attachment-large size-large wp-image-760\" alt=\"\" srcset=\"https:\/\/parquecentralsalitre.com\/wp-content\/uploads\/2022\/10\/MI-PAGO-01-1024x475.jpg 1024w, https:\/\/parquecentralsalitre.com\/wp-content\/uploads\/2022\/10\/MI-PAGO-01-300x139.jpg 300w, https:\/\/parquecentralsalitre.com\/wp-content\/uploads\/2022\/10\/MI-PAGO-01-768x357.jpg 768w, https:\/\/parquecentralsalitre.com\/wp-content\/uploads\/2022\/10\/MI-PAGO-01-1536x713.jpg 1536w, https:\/\/parquecentralsalitre.com\/wp-content\/uploads\/2022\/10\/MI-PAGO-01.jpg 1887w\" sizes=\"(max-width: 1024px) 100vw, 1024px\" \/>\t\t\t\t\t\t\t\t\t\t\t\t\t\t\t<\/div>\n\t\t\t\t<\/div>\n\t\t\t\t<div class=\"elementor-element elementor-element-50ec413d elementor-widget elementor-widget-text-editor\" data-id=\"50ec413d\" data-element_type=\"widget\" data-e-type=\"widget\" data-widget_type=\"text-editor.default\">\n\t\t\t\t<div class=\"elementor-widget-container\">\n\t\t\t\t\t\t\t\t\t<p>Da clic en el bot\u00f3n ir al banco, ser\u00e1s redirigido a la p\u00e1gina del banco.<\/p>\t\t\t\t\t\t\t\t<\/div>\n\t\t\t\t<\/div>\n\t\t\t\t<div class=\"elementor-element elementor-element-0b22b7d elementor-widget elementor-widget-image\" data-id=\"0b22b7d\" data-element_type=\"widget\" data-e-type=\"widget\" data-widget_type=\"image.default\">\n\t\t\t\t<div class=\"elementor-widget-container\">\n\t\t\t\t\t\t\t\t\t\t\t\t\t\t\t<img decoding=\"async\" width=\"1024\" height=\"476\" src=\"https:\/\/parquecentralsalitre.com\/wp-content\/uploads\/2022\/10\/MI-PAGO-02-1024x476.jpg\" class=\"attachment-large size-large wp-image-761\" alt=\"\" srcset=\"https:\/\/parquecentralsalitre.com\/wp-content\/uploads\/2022\/10\/MI-PAGO-02-1024x476.jpg 1024w, https:\/\/parquecentralsalitre.com\/wp-content\/uploads\/2022\/10\/MI-PAGO-02-300x139.jpg 300w, https:\/\/parquecentralsalitre.com\/wp-content\/uploads\/2022\/10\/MI-PAGO-02-768x357.jpg 768w, https:\/\/parquecentralsalitre.com\/wp-content\/uploads\/2022\/10\/MI-PAGO-02-1536x713.jpg 1536w, https:\/\/parquecentralsalitre.com\/wp-content\/uploads\/2022\/10\/MI-PAGO-02.jpg 1901w\" sizes=\"(max-width: 1024px) 100vw, 1024px\" \/>\t\t\t\t\t\t\t\t\t\t\t\t\t\t\t<\/div>\n\t\t\t\t<\/div>\n\t\t\t\t<div class=\"elementor-element elementor-element-0d8a48e elementor-widget elementor-widget-text-editor\" data-id=\"0d8a48e\" data-element_type=\"widget\" data-e-type=\"widget\" data-widget_type=\"text-editor.default\">\n\t\t\t\t<div class=\"elementor-widget-container\">\n\t\t\t\t\t\t\t\t\t<p>Al lado de la lupa escribe el nombre del conjunto y dale buscar. Cuando selecciones el conjunto puedes dar clic en pagar.<\/p>\t\t\t\t\t\t\t\t<\/div>\n\t\t\t\t<\/div>\n\t\t\t\t<div class=\"elementor-element elementor-element-11136f6 elementor-widget elementor-widget-image\" data-id=\"11136f6\" data-element_type=\"widget\" data-e-type=\"widget\" data-widget_type=\"image.default\">\n\t\t\t\t<div class=\"elementor-widget-container\">\n\t\t\t\t\t\t\t\t\t\t\t\t\t\t\t<img decoding=\"async\" width=\"1024\" height=\"466\" src=\"https:\/\/parquecentralsalitre.com\/wp-content\/uploads\/2022\/10\/MI-PAGO-03-1024x466.jpg\" class=\"attachment-large size-large wp-image-762\" alt=\"\" srcset=\"https:\/\/parquecentralsalitre.com\/wp-content\/uploads\/2022\/10\/MI-PAGO-03-1024x466.jpg 1024w, https:\/\/parquecentralsalitre.com\/wp-content\/uploads\/2022\/10\/MI-PAGO-03-300x136.jpg 300w, https:\/\/parquecentralsalitre.com\/wp-content\/uploads\/2022\/10\/MI-PAGO-03-768x349.jpg 768w, https:\/\/parquecentralsalitre.com\/wp-content\/uploads\/2022\/10\/MI-PAGO-03-1536x698.jpg 1536w, https:\/\/parquecentralsalitre.com\/wp-content\/uploads\/2022\/10\/MI-PAGO-03.jpg 1883w\" sizes=\"(max-width: 1024px) 100vw, 1024px\" \/>\t\t\t\t\t\t\t\t\t\t\t\t\t\t\t<\/div>\n\t\t\t\t<\/div>\n\t\t\t\t<div class=\"elementor-element elementor-element-a65ef56 elementor-widget elementor-widget-text-editor\" data-id=\"a65ef56\" data-element_type=\"widget\" data-e-type=\"widget\" data-widget_type=\"text-editor.default\">\n\t\t\t\t<div class=\"elementor-widget-container\">\n\t\t\t\t\t\t\t\t\t<p>Ingresa la informaci\u00f3n solicitada y haz clic en continuar.<\/p>\t\t\t\t\t\t\t\t<\/div>\n\t\t\t\t<\/div>\n\t\t\t\t<div class=\"elementor-element elementor-element-d21fae0 elementor-widget elementor-widget-image\" data-id=\"d21fae0\" data-element_type=\"widget\" data-e-type=\"widget\" data-widget_type=\"image.default\">\n\t\t\t\t<div class=\"elementor-widget-container\">\n\t\t\t\t\t\t\t\t\t\t\t\t\t\t\t<img loading=\"lazy\" decoding=\"async\" width=\"1024\" height=\"479\" src=\"https:\/\/parquecentralsalitre.com\/wp-content\/uploads\/2022\/10\/MI-PAGO-04-1024x479.jpg\" class=\"attachment-large size-large wp-image-763\" alt=\"\" srcset=\"https:\/\/parquecentralsalitre.com\/wp-content\/uploads\/2022\/10\/MI-PAGO-04-1024x479.jpg 1024w, https:\/\/parquecentralsalitre.com\/wp-content\/uploads\/2022\/10\/MI-PAGO-04-300x140.jpg 300w, https:\/\/parquecentralsalitre.com\/wp-content\/uploads\/2022\/10\/MI-PAGO-04-768x359.jpg 768w, https:\/\/parquecentralsalitre.com\/wp-content\/uploads\/2022\/10\/MI-PAGO-04-1536x718.jpg 1536w, https:\/\/parquecentralsalitre.com\/wp-content\/uploads\/2022\/10\/MI-PAGO-04.jpg 1892w\" sizes=\"(max-width: 1024px) 100vw, 1024px\" \/>\t\t\t\t\t\t\t\t\t\t\t\t\t\t\t<\/div>\n\t\t\t\t<\/div>\n\t\t\t\t<div class=\"elementor-element elementor-element-db3cccf elementor-widget elementor-widget-text-editor\" data-id=\"db3cccf\" data-element_type=\"widget\" data-e-type=\"widget\" data-widget_type=\"text-editor.default\">\n\t\t\t\t<div class=\"elementor-widget-container\">\n\t\t\t\t\t\t\t\t\t<p>Selecciona el medio de pago, el tipo de persona y el banco de donde realizaras el pago. Posteriormente, ingresa tu correo y celular y haz clic en continuar<\/p>\t\t\t\t\t\t\t\t<\/div>\n\t\t\t\t<\/div>\n\t\t\t\t<div class=\"elementor-element elementor-element-5960d03 elementor-widget elementor-widget-image\" data-id=\"5960d03\" data-element_type=\"widget\" data-e-type=\"widget\" data-widget_type=\"image.default\">\n\t\t\t\t<div class=\"elementor-widget-container\">\n\t\t\t\t\t\t\t\t\t\t\t\t\t\t\t<img loading=\"lazy\" decoding=\"async\" width=\"1024\" height=\"479\" src=\"https:\/\/parquecentralsalitre.com\/wp-content\/uploads\/2022\/10\/MI-PAGO-05-1024x479.jpg\" class=\"attachment-large size-large wp-image-764\" alt=\"\" srcset=\"https:\/\/parquecentralsalitre.com\/wp-content\/uploads\/2022\/10\/MI-PAGO-05-1024x479.jpg 1024w, https:\/\/parquecentralsalitre.com\/wp-content\/uploads\/2022\/10\/MI-PAGO-05-300x140.jpg 300w, https:\/\/parquecentralsalitre.com\/wp-content\/uploads\/2022\/10\/MI-PAGO-05-768x359.jpg 768w, https:\/\/parquecentralsalitre.com\/wp-content\/uploads\/2022\/10\/MI-PAGO-05-1536x718.jpg 1536w, https:\/\/parquecentralsalitre.com\/wp-content\/uploads\/2022\/10\/MI-PAGO-05.jpg 1887w\" sizes=\"(max-width: 1024px) 100vw, 1024px\" \/>\t\t\t\t\t\t\t\t\t\t\t\t\t\t\t<\/div>\n\t\t\t\t<\/div>\n\t\t\t\t<div class=\"elementor-element elementor-element-4b7a524 elementor-widget elementor-widget-text-editor\" data-id=\"4b7a524\" data-element_type=\"widget\" data-e-type=\"widget\" data-widget_type=\"text-editor.default\">\n\t\t\t\t<div class=\"elementor-widget-container\">\n\t\t\t\t\t\t\t\t\t<p>Verifica la informaci\u00f3n ingresada y haz clic en pagar. Esta p\u00e1gina te redireccionar\u00e1 a la p\u00e1gina de PSE.<\/p>\t\t\t\t\t\t\t\t<\/div>\n\t\t\t\t<\/div>\n\t\t\t\t<div class=\"elementor-element elementor-element-3caa239 elementor-widget elementor-widget-image\" data-id=\"3caa239\" data-element_type=\"widget\" data-e-type=\"widget\" data-widget_type=\"image.default\">\n\t\t\t\t<div class=\"elementor-widget-container\">\n\t\t\t\t\t\t\t\t\t\t\t\t\t\t\t<img loading=\"lazy\" decoding=\"async\" width=\"1024\" height=\"469\" src=\"https:\/\/parquecentralsalitre.com\/wp-content\/uploads\/2022\/10\/MI-PAGO-06-1024x469.jpg\" class=\"attachment-large size-large wp-image-765\" alt=\"\" srcset=\"https:\/\/parquecentralsalitre.com\/wp-content\/uploads\/2022\/10\/MI-PAGO-06-1024x469.jpg 1024w, https:\/\/parquecentralsalitre.com\/wp-content\/uploads\/2022\/10\/MI-PAGO-06-300x138.jpg 300w, https:\/\/parquecentralsalitre.com\/wp-content\/uploads\/2022\/10\/MI-PAGO-06-768x352.jpg 768w, https:\/\/parquecentralsalitre.com\/wp-content\/uploads\/2022\/10\/MI-PAGO-06-1536x704.jpg 1536w, https:\/\/parquecentralsalitre.com\/wp-content\/uploads\/2022\/10\/MI-PAGO-06.jpg 1902w\" sizes=\"(max-width: 1024px) 100vw, 1024px\" \/>\t\t\t\t\t\t\t\t\t\t\t\t\t\t\t<\/div>\n\t\t\t\t<\/div>\n\t\t\t\t<div class=\"elementor-element elementor-element-e506afc elementor-widget elementor-widget-text-editor\" data-id=\"e506afc\" data-element_type=\"widget\" data-e-type=\"widget\" data-widget_type=\"text-editor.default\">\n\t\t\t\t<div class=\"elementor-widget-container\">\n\t\t\t\t\t\t\t\t\t<p>Ingresa tu correo para continuar o realiza el registro seg\u00fan lo indicado para finalmente ir a tu banco y realizar el pago<\/p>\t\t\t\t\t\t\t\t<\/div>\n\t\t\t\t<\/div>\n\t\t\t\t<div class=\"elementor-element elementor-element-4a0697e elementor-widget elementor-widget-button\" data-id=\"4a0697e\" data-element_type=\"widget\" data-e-type=\"widget\" data-widget_type=\"button.default\">\n\t\t\t\t<div class=\"elementor-widget-container\">\n\t\t\t\t\t\t\t\t\t<div class=\"elementor-button-wrapper\">\n\t\t\t\t\t<a class=\"elementor-button elementor-button-link elementor-size-sm\" href=\"#\">\n\t\t\t\t\t\t<span class=\"elementor-button-content-wrapper\">\n\t\t\t\t\t\t\t\t\t<span class=\"elementor-button-text\">pasos para pagar<\/span>\n\t\t\t\t\t<\/span>\n\t\t\t\t\t<\/a>\n\t\t\t\t<\/div>\n\t\t\t\t\t\t\t\t<\/div>\n\t\t\t\t<\/div>\n\t\t\t\t\t<\/div>\n\t\t<\/div>\n\t\t\t\t\t<\/div>\n\t\t<\/section>\n\t\t\t\t<\/div>\n\t\t","protected":false},"excerpt":{"rendered":"<p>ir al banco Aprende a realizar el pago de tu cuota Da clic en el bot\u00f3n ir al banco, ser\u00e1s redirigido a la p\u00e1gina del banco. Al lado de la lupa escribe el nombre del conjunto y dale buscar. Cuando selecciones el conjunto puedes dar clic en pagar. Ingresa la informaci\u00f3n solicitada y haz clic [&hellip;]<\/p>\n","protected":false},"author":1,"featured_media":0,"parent":0,"menu_order":0,"comment_status":"closed","ping_status":"open","template":"","meta":{"site-sidebar-layout":"default","site-content-layout":"","ast-site-content-layout":"default","site-content-style":"default","site-sidebar-style":"default","ast-global-header-display":"","ast-banner-title-visibility":"","ast-main-header-display":"","ast-hfb-above-header-display":"","ast-hfb-below-header-display":"","ast-hfb-mobile-header-display":"","site-post-title":"","ast-breadcrumbs-content":"","ast-featured-img":"","footer-sml-layout":"","ast-disable-related-posts":"","theme-transparent-header-meta":"","adv-header-id-meta":"","stick-header-meta":"","header-above-stick-meta":"","header-main-stick-meta":"","header-below-stick-meta":"","astra-migrate-meta-layouts":"default","ast-page-background-enabled":"default","ast-page-background-meta":{"desktop":{"background-color":"","background-image":"","background-repeat":"repeat","background-position":"center center","background-size":"auto","background-attachment":"scroll","background-type":"","background-media":"","overlay-type":"","overlay-color":"","overlay-opacity":"","overlay-gradient":""},"tablet":{"background-color":"","background-image":"","background-repeat":"repeat","background-position":"center center","background-size":"auto","background-attachment":"scroll","background-type":"","background-media":"","overlay-type":"","overlay-color":"","overlay-opacity":"","overlay-gradient":""},"mobile":{"background-color":"","background-image":"","background-repeat":"repeat","background-position":"center center","background-size":"auto","background-attachment":"scroll","background-type":"","background-media":"","overlay-type":"","overlay-color":"","overlay-opacity":"","overlay-gradient":""}},"ast-content-background-meta":{"desktop":{"background-color":"var(--ast-global-color-5)","background-image":"","background-repeat":"repeat","background-position":"center center","background-size":"auto","background-attachment":"scroll","background-type":"","background-media":"","overlay-type":"","overlay-color":"","overlay-opacity":"","overlay-gradient":""},"tablet":{"background-color":"var(--ast-global-color-5)","background-image":"","background-repeat":"repeat","background-position":"center center","background-size":"auto","background-attachment":"scroll","background-type":"","background-media":"","overlay-type":"","overlay-color":"","overlay-opacity":"","overlay-gradient":""},"mobile":{"background-color":"var(--ast-global-color-5)","background-image":"","background-repeat":"repeat","background-position":"center center","background-size":"auto","background-attachment":"scroll","background-type":"","background-media":"","overlay-type":"","overlay-color":"","overlay-opacity":"","overlay-gradient":""}},"footnotes":""},"class_list":["post-2","page","type-page","status-publish","hentry"],"_hostinger_reach_plugin_has_subscription_block":false,"_hostinger_reach_plugin_is_elementor":false,"_links":{"self":[{"href":"https:\/\/parquecentralsalitre.com\/index.php\/wp-json\/wp\/v2\/pages\/2","targetHints":{"allow":["GET"]}}],"collection":[{"href":"https:\/\/parquecentralsalitre.com\/index.php\/wp-json\/wp\/v2\/pages"}],"about":[{"href":"https:\/\/parquecentralsalitre.com\/index.php\/wp-json\/wp\/v2\/types\/page"}],"author":[{"embeddable":true,"href":"https:\/\/parquecentralsalitre.com\/index.php\/wp-json\/wp\/v2\/users\/1"}],"replies":[{"embeddable":true,"href":"https:\/\/parquecentralsalitre.com\/index.php\/wp-json\/wp\/v2\/comments?post=2"}],"version-history":[{"count":4,"href":"https:\/\/parquecentralsalitre.com\/index.php\/wp-json\/wp\/v2\/pages\/2\/revisions"}],"predecessor-version":[{"id":768,"href":"https:\/\/parquecentralsalitre.com\/index.php\/wp-json\/wp\/v2\/pages\/2\/revisions\/768"}],"wp:attachment":[{"href":"https:\/\/parquecentralsalitre.com\/index.php\/wp-json\/wp\/v2\/media?parent=2"}],"curies":[{"name":"wp","href":"https:\/\/api.w.org\/{rel}","templated":true}]}}